{"id":5810,"date":"2011-06-19T14:09:09","date_gmt":"2011-06-19T11:09:09","guid":{"rendered":"https:\/\/yesterday.squash.fi\/?page_id=5810"},"modified":"2019-05-04T23:42:36","modified_gmt":"2019-05-04T20:42:36","slug":"maaottelut-emilia-soini","status":"publish","type":"page","link":"https:\/\/yesterday.squash.fi\/?page_id=5810","title":{"rendered":"Maaottelut \/ Emilia Soini"},"content":{"rendered":"<p><div class='et-protected'>\n\t\t\t\t\t<div class='et-protected-title'>J\u00e4senten kirjautuminen<\/div>\n\t\t\t\t\t<div class='et-protected-form'>\n\t\t\t\t\t\t<form action='https:\/\/yesterday.squash.fi\/wp-login.php' method='post'>\n\t\t\t\t\t\t\t<p><label><span>K\u00e4ytt\u00e4j\u00e4nimi: <\/span><input type='text' name='log' id='log' value='' size='20' \/><span class='et_protected_icon'><\/span><\/label><\/p>\n\t\t\t\t\t\t\t<p><label><span>Salasana: <\/span><input type='password' name='pwd' id='pwd' size='20' \/><span class='et_protected_icon et_protected_password'><\/span><\/label><\/p>\n\t\t\t\t\t\t\t<input type='submit' name='submit' value='Kirjaudu' class='etlogin-button' \/>\n\t\t\t\t\t\t\t<input type='hidden' name='redirect_to' value='https:\/\/yesterday.squash.fi\/?page_id=5810'>\n\t\t\t\t\t\t<\/form>\n\t\t\t\t\t<\/div> <!-- .et-protected-form -->\n\t\t\t\t<\/div> <!-- .et-protected -->1. 28.4.2011 Emilia Soini &#8211; Yara Delagrange BEL 9\/11 9\/11 8\/11 EM<br \/>\n2. 2.5.2012 Emilia Soini &#8211; Katiuscia Grossi ITA 11\/7 11\/4 11\/0 EM<br \/>\n3. 2.5.2012 Emilia Soini &#8211; Marina De Juan ESP 12\/10 11\/8 11\/6 EM<br \/>\n4. 3.5.2012 Emilia Soini &#8211; Anna Jurkun POL 11\/6 8\/11 11\/9 11\/6 EM<br \/>\n5. 4.5.2012 Emilia Soini &#8211; Sandra Pollack AUT 11\/1 11\/5 11\/3 EM<br \/>\n6. 4.5.2012 Emilia Soini &#8211; Olga Ertlova CZE 4\/11 3\/11 9\/11 EM<br \/>\n7. 5.5.2012 Emilia Soini &#8211; Nele Gilis BEL 9\/11 5\/11 6\/11 EM<br \/>\n8. 1.5.2013 Emilia Soini &#8211; Manuela Manetta ITA 9\/11 2\/11 3\/11 EM<br \/>\n9. 1.5.2013 Emilia Soini &#8211; Line Hansen DEN 6\/11 8\/11 7\/11 EM<br \/>\n10. 2.5.2013 Emilia Soini &#8211; Lovisa Forstadius SWE 11\/9 7\/11 11\/6 11\/5 EM<br \/>\n11. 3.5.2013 Emilia Soini &#8211; Gaby Huber SUI 11\/9 2\/11 3\/11 3\/11 EM<br \/>\n12. 3.5.2013 Emilia Soini &#8211; Xisela Aranda ESP 5\/11 8\/11 11\/6 4\/11 EM<br \/>\n13. 4.5.2013 Emilia Soini &#8211; Birgit Coufal AUT 5\/11 11\/7 4\/11 6\/11 EM<br \/>\n14. 30.4.2014 Emilia Soini &#8211; Monica Menegozzi ITA 11\/9 11\/8 11\/8 EM<br \/>\n15. 30.4.2014 Emilia Soini &#8211; Birgit Coufal AUT 11\/8 11\/7 4\/11 4\/11 11\/8 EM<br \/>\n16. 02.05.2014 Emilia Soini &#8211; Nele Gilis BEL 11\/8 8\/11 8\/11 11\/9 11\/5 EM<br \/>\n17. 02.05.2014 Emilia Soini &#8211; Kathrin Hauck GER 12\/10 11\/9 12\/10 EM<br \/>\n18. 03.05.2014 Emilia Soini &#8211; Xisela Aranda ESP 6\/11 9\/11 1\/11 EM<br \/>\n19. 26.04.2017 Emilia Soini &#8211; Magdalena Kaminska POL 11\/2 11\/8 11\/8 EM<br \/>\n20. 26.04.2017 Emilia Soini &#8211; Sina Wall GER 5\/11 11\/5 9\/11 11\/7 7\/11 EM<br \/>\n21. 27.04.2017 Emilia Soini &#8211; Jacqueline Peych\u00c3\u00a4r AUT 11\/3 11\/2 11\/5 EM<br \/>\n22. 27.04.2017 Emilia Soini &#8211; Eleonora Marchetti ITA 11\/5 11\/2 11\/9 EM<br \/>\n23. 28.04.2017 Emilia Soini &#8211; Sophie O&#8217;Rourke IRL 11\/7 11\/3 3\/11 3\/11 11\/9 EM<br \/>\n24. 02.05.2018 Emilia Soini &#8211; Jacqueline Peych\u00c3\u00a4r AUT 11\/4 11\/8 12\/14 11\/6 EM<br \/>\n25. 02.05.2018 Emilia Soini &#8211; Cristina Gomez AUT 8\/11 7\/11 11\/9 11\/9 11\/6 EM<br \/>\n26. 03.05.2018 Emilia Soini &#8211; Karina Tyma POL 7\/11 11\/8 4\/11 4\/11 EM<br \/>\n27. 04.05.2018 Emilia Soini &#8211; Lisa Aitken SCO 11\/9 6\/11 2\/11 5\/11 EM<br \/>\n28. 05.05.2018 Emilia Soini &#8211; Mathilde Lauridsen DEN 12\/10 21\/10 11\/7 EM<br \/>\n29. 11.09.2018 Emilia Soini &#8211; Joelle King NZL 6\/11 5\/11 10\/12  MM<br \/>\n30. 12.09.2018 Emilia Soini &#8211; Satomi Watanabe JAP 2\/11 7\/11 10\/12  MM<br \/>\n31. 13.09.2018 Emilia Soini &#8211; Sarah-Jane Perry ENG 9\/11 6\/11 6\/11  MM<br \/>\n32. 14.09.2018 Emilia Soini &#8211; Christine Nunn AUS 4\/11 10\/12 9\/11  MM<br \/>\n33. 15.09.2018 Emilia Soini  &#8211; Cindy Merlo SUI  8\/11 11\/9 9\/11 11\/7 11\/7  MM<br \/>\n34. 16.09.2018 Emilia Soini \u00e2\u20ac\u201c Li Dongjin CHN 11\/4 5\/11 8\/11 10\/12  MM<br \/>\n35. 01.05.2019 Emilia Soini \u00e2\u20ac\u201c Sophie O\u00e2\u20ac\u2122Rourke IRL 11\/7 3\/11 11\/4 11\/9  EM<br \/>\n36. 02.05.2019 Emilia Soini \u00e2\u20ac\u201c Nadia Usenko UKR 11\/4 11\/8 11\/7   EM<br \/>\n37. 03.05.2019 Emilia Soini \u00e2\u20ac\u201c Anna Serme CZE 10\/12 11\/6 11\/3 8\/11 11\/8 EM<br \/>\n38. 04.05.2019 Emilia Soini \u00e2\u20ac\u201c Nele Hatschek GER 6\/11 9\/11 6\/11   EM<br \/>\n&nbsp;<\/p>\n<!-- AddThis Advanced Settings generic via filter on the_content --><!-- AddThis Share Buttons generic via filter on the_content -->","protected":false},"excerpt":{"rendered":"<p>1. 28.4.2011 Emilia Soini &#8211; Yara Delagrange BEL 9\/11 9\/11 8\/11 EM 2. 2.5.2012 Emilia Soini &#8211; Katiuscia Grossi ITA 11\/7 11\/4 11\/0 EM 3. 2.5.2012 Emilia Soini &#8211; Marina De Juan ESP 12\/10 11\/8 11\/6 EM 4. 3.5.2012 Emilia Soini &#8211; Anna Jurkun POL 11\/6 8\/11 11\/9 11\/6 EM 5. 4.5.2012 Emilia Soini &#8211; [&hellip;]<!-- AddThis Advanced Settings generic via filter on wp_trim_excerpt --><!-- AddThis Share Buttons generic via filter on wp_trim_excerpt --><\/p>\n","protected":false},"author":1339,"featured_media":0,"parent":0,"menu_order":0,"comment_status":"open","ping_status":"closed","template":"","meta":{"_et_pb_use_builder":"","_et_pb_old_content":""},"_links":{"self":[{"href":"https:\/\/yesterday.squash.fi\/index.php?rest_route=\/wp\/v2\/pages\/5810"}],"collection":[{"href":"https:\/\/yesterday.squash.fi\/index.php?rest_route=\/wp\/v2\/pages"}],"about":[{"href":"https:\/\/yesterday.squash.fi\/index.php?rest_route=\/wp\/v2\/types\/page"}],"author":[{"embeddable":true,"href":"https:\/\/yesterday.squash.fi\/index.php?rest_route=\/wp\/v2\/users\/1339"}],"replies":[{"embeddable":true,"href":"https:\/\/yesterday.squash.fi\/index.php?rest_route=%2Fwp%2Fv2%2Fcomments&post=5810"}],"version-history":[{"count":13,"href":"https:\/\/yesterday.squash.fi\/index.php?rest_route=\/wp\/v2\/pages\/5810\/revisions"}],"predecessor-version":[{"id":23339,"href":"https:\/\/yesterday.squash.fi\/index.php?rest_route=\/wp\/v2\/pages\/5810\/revisions\/23339"}],"wp:attachment":[{"href":"https:\/\/yesterday.squash.fi\/index.php?rest_route=%2Fwp%2Fv2%2Fmedia&parent=5810"}],"curies":[{"name":"wp","href":"https:\/\/api.w.org\/{rel}","templated":true}]}}